{"id":91,"date":"2023-12-07T21:19:26","date_gmt":"2023-12-07T21:19:26","guid":{"rendered":"https:\/\/egrikutyanapkozi.hu\/?page_id=91"},"modified":"2023-12-07T21:23:24","modified_gmt":"2023-12-07T21:23:24","slug":"kutyanapkozi-szabalyzat","status":"publish","type":"page","link":"https:\/\/egrikutyanapkozi.hu\/?page_id=91","title":{"rendered":"KutyaNapk\u00f6zi szab\u00e1lyzat"},"content":{"rendered":"\t\t<div data-elementor-type=\"wp-page\" data-elementor-id=\"91\" class=\"elementor elementor-91\">\n\t\t\t\t\t\t\t<div class=\"elementor-element elementor-element-8db9db3 e-flex e-con-boxed e-con e-parent\" data-id=\"8db9db3\" data-element_type=\"container\" data-settings=\"{&quot;content_width&quot;:&quot;boxed&quot;}\" data-core-v316-plus=\"true\">\n\t\t\t\t\t<div class=\"e-con-inner\">\n\t\t\t\t<div class=\"elementor-element elementor-element-23a46da elementor-widget elementor-widget-heading\" data-id=\"23a46da\" data-element_type=\"widget\" data-widget_type=\"heading.default\">\n\t\t\t\t<div class=\"elementor-widget-container\">\n\t\t\t<style>\/*! elementor - v3.17.0 - 08-11-2023 *\/\n.elementor-heading-title{padding:0;margin:0;line-height:1}.elementor-widget-heading .elementor-heading-title[class*=elementor-size-]>a{color:inherit;font-size:inherit;line-height:inherit}.elementor-widget-heading .elementor-heading-title.elementor-size-small{font-size:15px}.elementor-widget-heading .elementor-heading-title.elementor-size-medium{font-size:19px}.elementor-widget-heading .elementor-heading-title.elementor-size-large{font-size:29px}.elementor-widget-heading .elementor-heading-title.elementor-size-xl{font-size:39px}.elementor-widget-heading .elementor-heading-title.elementor-size-xxl{font-size:59px}<\/style><h2 class=\"elementor-heading-title elementor-size-default\">Napk\u00f6zis foglalkoz\u00e1s \u00c1ltal\u00e1nos Szerz\u0151d\u00e9si Felt\u00e9telek<\/h2>\t\t<\/div>\n\t\t\t\t<\/div>\n\t\t\t\t<div class=\"elementor-element elementor-element-2fd0bb0 elementor-widget elementor-widget-text-editor\" data-id=\"2fd0bb0\" data-element_type=\"widget\" data-widget_type=\"text-editor.default\">\n\t\t\t\t<div class=\"elementor-widget-container\">\n\t\t\t<style>\/*! elementor - v3.17.0 - 08-11-2023 *\/\n.elementor-widget-text-editor.elementor-drop-cap-view-stacked .elementor-drop-cap{background-color:#69727d;color:#fff}.elementor-widget-text-editor.elementor-drop-cap-view-framed .elementor-drop-cap{color:#69727d;border:3px solid;background-color:transparent}.elementor-widget-text-editor:not(.elementor-drop-cap-view-default) .elementor-drop-cap{margin-top:8px}.elementor-widget-text-editor:not(.elementor-drop-cap-view-default) .elementor-drop-cap-letter{width:1em;height:1em}.elementor-widget-text-editor .elementor-drop-cap{float:left;text-align:center;line-height:1;font-size:50px}.elementor-widget-text-editor .elementor-drop-cap-letter{display:inline-block}<\/style>\t\t\t\t<p>Jelen \u00e1ltal\u00e1nos szerz\u0151d\u00e9si felt\u00e9telek c\u00e9lja az, hogy biztos\u00edtsa teljes k\u00f6r\u0171 meg\u00e1llapod\u00e1s kereteit a kutya ideiglenes elhelyez\u00e9s\u00e9vel kapcsolatban az Egri KutyaNapk\u00f6zi\u00a0 (tov\u00e1bbiakban: Kutyanapk\u00f6zi), a kuty\u00e1t gondoz\u00f3 (tov\u00e1bbiakban: kutyaszitter) \u00e9s kutya gazd\u00e1ja, tulajdonosa k\u00f6z\u00f6tt (tov\u00e1bbiakban: kutyatulajdonos). E k\u00f6rben a kutyatulajdonos biztos\u00edtva legyen arr\u00f3l, hogy kuty\u00e1ja a megfelel\u0151 ell\u00e1t\u00e1st kapja \u00e9s teljes k\u00f6r\u0171en gondoskodnak r\u00f3la. A kutyaszitter pedig biztos\u00edtva legyen, hogy valamennyi, a kuty\u00e1val kapcsolatos relev\u00e1ns inform\u00e1ci\u00f3t megkapta a megfelel\u0151 gondoskod\u00e1s\u00e1hoz \u00e9s ell\u00e1t\u00e1s\u00e1hoz.<\/p><p>I.\/ \u00c1ltal\u00e1nos rendelkez\u00e9sek<br \/>Jelen \u00e1ltal\u00e1nos szerz\u0151d\u00e9si felt\u00e9telek a felek k\u00f6z\u00f6tt l\u00e9trej\u00f6tt egyedi szerz\u0151d\u00e9sben nem szab\u00e1lyozott k\u00e9rd\u00e9sekben az ir\u00e1nyad\u00f3ak. Szerz\u0151d\u0151 feleknek lehet\u0151s\u00e9g\u00fck van egyedileg jelen rendelkez\u00e9sekt\u0151l k\u00f6z\u00f6s megegyez\u00e9ssel elt\u00e9rni, egyedi felt\u00e9teleket meghat\u00e1rozni, a k\u00fcl\u00f6n k\u00f6t\u00f6tt egyedi szerz\u0151d\u00e9sben. Amennyiben az egyedi szerz\u0151d\u00e9s \u00e9s jelen \u00e1ltal\u00e1nos szerz\u0151d\u00e9si felt\u00e9telek egym\u00e1st\u00f3l elt\u00e9r\u0151 rendelkez\u00e9seket tartalmaznak, \u00fagy az egyedi szerz\u0151d\u00e9s tartalma az ir\u00e1nyad\u00f3.<br \/>A Kutyanapk\u00f6zi v\u00e1llalja a kuty\u00e1k ideiglenes elhelyez\u00e9s\u00e9t az al\u00e1bbi c\u00edmen: 3300 Eger, Nagylaposi \u00fat v\u00e9ge. A kutya fel\u00fcgyelet\u00e9t \u00e9s gondoz\u00e1s\u00e1t ezen id\u0151szak alatt kutyaszitter v\u00e9gzi. A kutyaszitter szem\u00e9ly\u00e9t Buda Roland EV, a Kutyanapk\u00f6zi \u00fczemeltet\u0151je jogosult kijel\u00f6lni. A kijel\u00f6l\u00e9s minden esetben a kutya \u00e9rdekeinek megfelel\u0151en (pl. mozg\u00e1sig\u00e9ny, testt\u00f6meg, fajtajellemz\u0151k) t\u00f6rt\u00e9nik a m\u00e9g rendelkez\u00e9sre \u00e1ll\u00f3 helyek figyelembe v\u00e9tel\u00e9vel. A kutyatulajdonos elfogadja a kijel\u00f6lt kutyaszittert.<br \/>A Kutyanapk\u00f6zi jogosult el\u0151re nem l\u00e1that\u00f3 esem\u00e9nyek (vis maior, pl: kutyaszitter betegs\u00e9ge, kuty\u00e1k k\u00f6z\u00f6tti konfliktus) eset\u00e9n a kutyaszitter szem\u00e9ly\u00e9nek, ezzel egy\u00fctt a kutya elhelyez\u00e9s\u00e9nek (pl. m\u00e1s tanp\u00e1ly\u00e1ra helyez\u00e9s) az egyoldal\u00fa megv\u00e1ltoztat\u00e1s\u00e1ra. Ezen v\u00e1ltoztat\u00e1s nem \u00e9rinti a felek k\u00f6z\u00f6tti szerz\u0151d\u00e9ses k\u00f6telezetts\u00e9g teljes\u00edt\u00e9s\u00e9t.<br \/>A kutyaszitter v\u00e1llalja a kutya gondoz\u00e1s\u00e1t fel\u00fcgyelet\u00e9t az egyedi szerz\u0151d\u00e9sben meghat\u00e1rozott id\u0151tartamban.<\/p><p>A szolg\u00e1ltat\u00e1si d\u00edj a kutya kutyaszitterhez t\u00f6rt\u00e9n\u0151 \u00e9rkez\u00e9skor egy \u00f6sszegben esed\u00e9kes. Amennyiben a tulajdonos a kuty\u00e1t a szerz\u0151d\u00e9sben megjel\u00f6lt id\u0151pontn\u00e1l k\u00e9s\u0151bb viszi el, \u00fagy k\u00f6teles a k\u00fcl\u00f6nb\u00f6zeti szolg\u00e1ltat\u00e1si d\u00edjat az elvitellel egyidej\u0171leg kiegyenl\u00edteni. Amennyiben hamarabb viszi el, \u00fagy a k\u00fcl\u00f6nb\u00f6zeti \u00f6sszegre a kutyatulajdonos nem tarthat ig\u00e9nyt, de k\u00fcl\u00f6n\u00f6s esetben a felek ett\u0151l elt\u00e9r\u0151en is meg\u00e1llapodhatnak.<br \/>Amennyiben a szerz\u0151d\u00e9sben le\u00edrt t\u00e1voz\u00e1si napon a kuty\u00e1\u00e9rt nem \u00e9rkezik a kutyatulajdonos, \u00e9s \u0151t az \u00e1ltala megadott el\u00e9rhet\u0151s\u00e9geken nem \u00e9rj\u00fck el, a kutya 15 nap ut\u00e1n Buda Roland EV\u00a0 \u00a0tulajdon\u00e1ba ker\u00fcl, akinek tulajdonjog\u00e1val szabadon rendelkezik.<\/p><p>II.\/ Elhelyez\u00e9s, ell\u00e1t\u00e1s<br \/>Az \u00e9rkez\u00e9skor\/felv\u00e9telkor a kutyatulajdonos az al\u00e1bbiakat k\u00f6teles mag\u00e1val hozni:\u00a0<br \/>1. \u00c9rv\u00e9nyes olt\u00e1sokat igazol\u00f3 dokumentumok.\u00a0<br \/>2. \u00c1gy, takar\u00f3, jutalomfalat, ketrec, box, j\u00e1t\u00e9k, nyak\u00f6rv, h\u00e1m, p\u00f3r\u00e1z, flexi, \u00e9tel, gy\u00f3gyszer vagy vitamin, amit a kuty\u00e1val egy\u00fctt a rendelkez\u00e9s\u00fcnkre k\u00edv\u00e1n bocs\u00e1tani.<\/p><p>A kutyaszitter jogosult a kutya \u00e1tv\u00e9tel\u00e9t megtagadni, amennyiben a 1. pontban szerepl\u0151 dokumentum \u00e1tad\u00e1s\u00e1ra nem ker\u00fcl sor, vagy azok hi\u00e1nyosak.<br \/>A kutya a napk\u00f6zis foglalkoz\u00e1s sor\u00e1n a 3300 Eger, Nagylaposi \u00fat v\u00e9g\u00e9n l\u00e9v\u0151 Egri Kutyasuli- a T\u00fck\u00f6r M\u00f3dszer alapj\u00e1n ter\u00fclet\u00e9n ker\u00fcl elhelyez\u00e9sre, folyamatos fel\u00fcgyelet mellett. Kutyaszitter v\u00e1llalja annak biztos\u00edt\u00e1s\u00e1t, hogy a kutya friss iv\u00f3v\u00edzhez folyamatosan hozz\u00e1f\u00e9r, a tulajdonos \u00e1ltal biztos\u00edtott \u00e9telt, jutalomfalatot fogyasztja. V\u00e1llalja azt, hogy a napk\u00f6zi kuty\u00e1t akt\u00edv foglalkoztat\u00e1sban r\u00e9szes\u00edti, lehet\u0151s\u00e9get biztos\u00edt szocializ\u00e1ci\u00f3ra m\u00e1s kuty\u00e1kkal. A napk\u00f6zis kuty\u00e1k sz\u00e1m\u00e1ra biztos\u00edtott a v\u00e9dett hely \u00e9s a rendszeres kapcsolat emberekkel, a kutyaszitter fel\u00fcgyelete alatt t\u00f6lt\u00f6tt id\u0151ben olyan gondoskod\u00e1sban r\u00e9szes\u00fclnek, mint a kutyaszitter saj\u00e1t kis\u00e1llatai.<\/p><p>III.\/ Viselked\u00e9ssel kapcsolatos adatok<br \/>Kutyatulajdonos k\u00f6teles megosztani a kutyaszitterrel a kuty\u00e1j\u00e1val eddig tapasztaltakat a kutya habitus\u00e1ra, viselked\u00e9s\u00e9re val\u00f3 tekintettel. K\u00fcl\u00f6n\u00f6sen a k\u00e1rt\u00e9konykod\u00e1si \u00e9s \u00f6nmag\u00e1ban val\u00f3 k\u00e1rt\u00e9teli hajlamra, a v\u00e1rhat\u00f3 viselked\u00e9s\u00e9re, ha n\u00e9lk\u00fcle marad, esetleges szepar\u00e1ci\u00f3s szorong\u00e1sr\u00f3l. Eddig ismert sz\u00f6k\u00e9si k\u00eds\u00e9rletr\u0151l, allergi\u00e1s- \u00e9s epilepszi\u00e1s rohamr\u00f3l, agressz\u00edv viselked\u00e9sr\u0151l emberrel vagy \u00e1llattal szemben.<\/p><p>IV\/. Eg\u00e9szs\u00e9gi \u00e1llapottal kapcsolatos meg\u00e1llapod\u00e1sok<br \/>Kutyatulajdonos a szerz\u0151d\u00e9s al\u00e1\u00edr\u00e1s\u00e1val igazolja, hogy az \u00e1llat eg\u00e9szs\u00e9gi \u00e1llapota megfelel\u0151 \u00e9s a kutya bolha-, kullancsfert\u0151z\u00e9st\u0151l mentes, \u00e9l\u0151sk\u00f6d\u0151k ellen v\u00e9dett. Igazolja, hogy a kutya az elm\u00falt 48 \u00f3r\u00e1ban NEM k\u00f6h\u00f6g\u00f6tt, t\u00fcsszentett, h\u00e1nyt \u00e9s nem fordult el\u0151 hasmen\u00e9s sem.<br \/>A vakcin\u00e1zotts\u00e1g \u00e9s eg\u00e9szs\u00e9gi \u00e1llapot vonatkoz\u00e1s\u00e1ban kutyatulajdonos a szerz\u0151d\u00e9sen al\u00e1\u00edr\u00e1s\u00e1val igazolja, hogy a kutya a k\u00f6telez\u0151 olt\u00e1sokkal rendelkezik, az \u00e9rv\u00e9nyes olt\u00e1si k\u00f6nyvet a napk\u00f6zis foglalkoz\u00e1sra ad\u00e1s napj\u00e1n mag\u00e1val hozza \u00e9s bemutatja azt.<br \/>Kutyatulajdonos a szerz\u0151d\u00e9s al\u00e1\u00edr\u00e1s\u00e1val kijelenti, hogy tudom\u00e1sa szerint a kutya eg\u00e9szs\u00e9gi \u00e1llapota megfelel\u0151, az elm\u00falt 12 h\u00f3napban \u00e1llatorvosi vizsg\u00e1laton r\u00e9szt vettek.<br \/>A kutyaszitter minden t\u0151le telhet\u0151t k\u00f6teles megtenni a kutya biztons\u00e1ga \u00e9s eg\u00e9szs\u00e9g\u00e9nek meg\u0151rz\u00e9se \u00e9rdek\u00e9ben. V\u00e1ratlan helyzetek azonban el\u0151fordulhatnak. Alapesetben a kutyaszitter k\u00f6teles minden lehet\u0151s\u00e9get megragadni a kutya \u00e9let\u00e9nek meg\u00f3v\u00e1s\u00e1ra.<br \/>Ennek megfelel\u0151en a kutyatulajdonos elfogadja, hogy kiz\u00e1r\u00f3lagos felel\u0151ss\u00e9ggel tartozik a felmer\u00fcl\u0151 orvosi k\u00f6lts\u00e9gek megt\u00e9r\u00edt\u00e9s\u00e9re vonatkoz\u00f3an. A kutyaszittert kifejezetten feljogos\u00edtja arra, hogy a kutya \u00e9let\u00e9nek meg\u00f3v\u00e1sa c\u00e9lj\u00e1b\u00f3l t\u00e1voll\u00e9t\u00e9ben helyette elj\u00e1rjon \u00e9s a kezel\u00e9sre vonatkoz\u00f3 d\u00f6nt\u00e9seket meghozza. A kutyatulajdonos a k\u00f6lts\u00e9gekre val\u00f3 tekintet n\u00e9lk\u00fcl elfogadja, hogy ezen k\u00f6lts\u00e9gek tekintet\u00e9ben p\u00e9nz\u00fcgyi felel\u0151ss\u00e9ggel tartozik.<br \/>V\u00e9szhelyzet eset\u00e9n, amennyiben a megadott el\u00e9rhet\u0151s\u00e9geken a kutyatulajdonos nem el\u00e9rhet\u0151, a kutyatulajdonos felhatalmazza a kutyaszittert arra, hogy v\u00e9szhelyzet eset\u00e9n a legjobb bel\u00e1t\u00e1sa szerint j\u00e1rjon el, az \u00edgy felmer\u00fcl\u0151 k\u00f6lts\u00e9gek\u00e9rt kutyatulajdonos felel\u0151ss\u00e9get v\u00e1llal.<\/p><p>V.\/ K\u00e1rokoz\u00e1sra vonatkoz\u00f3 rendelkez\u00e9sek<br \/>A KutyaNapk\u00f6zi \u00fczemeltet\u0151je szakmai tapasztalat\u00e1b\u00f3l ad\u00f3d\u00f3an k\u00f6telezetts\u00e9get v\u00e1llal \u00e9s k\u00fcl\u00f6n\u00f6s figyelmet ford\u00edt arra, hogy a kutya ne ker\u00fclj\u00f6n olyan szitu\u00e1ci\u00f3ba, amellyel saj\u00e1t mag\u00e1t vagy m\u00e1sokat vesz\u00e9lyeztethet. Vesz\u00e9lyes helyzetek ett\u0151l f\u00fcggetlen\u00fcl bek\u00f6vetkezhetnek, ezek sor\u00e1n a kutya reakci\u00f3i\u00e9rt a KutyaNapk\u00f6zi \u00fczemeltet\u0151je nem v\u00e1llal felel\u0151ss\u00e9get.<br \/>A kutyatulajdonos kiz\u00e1r\u00f3lagos felel\u0151ss\u00e9get v\u00e1llal a napk\u00f6zi ideje alatt a kutya \u00e1ltal okozott k\u00e1rok\u00e9rt \u00e9s s\u00e9r\u00fcl\u00e9sek\u00e9rt. Kutyatulajdonos kifejezetten lemond a KutyaNapk\u00f6zi \u00fczemeltet\u0151je elleni jog\u00e9rv\u00e9nyes\u00edt\u00e9s lehet\u0151s\u00e9g\u00e9r\u0151l a kutya \u00e1ltal okozott, illetve elszenvedett k\u00e1rok (k\u00fcl\u00f6n\u00f6sen s\u00e9r\u00fcl\u00e9se vagy hal\u00e1la) tekintet\u00e9ben. Jelen joglemond\u00e1s nem vonatkozik a KutyaNapk\u00f6zi \u00fczemeltet\u0151je, vagy az \u00e1ltala kijel\u00f6lt kutyaszitter sz\u00e1nd\u00e9kos, vagy s\u00falyosan gondatlan cselekm\u00e9ny\u00e9vel felmer\u00fclt k\u00e1rokra.<br \/>A kutyatulajdonos a szerz\u0151d\u00e9st a KutyaNapk\u00f6zi \u00fczemeltet\u0151j\u00e9vel, Buda Roland EV-vel (ad\u00f3sz\u00e1m: 48228101-1-30)\u00a0 k\u00f6ti. A KutyaNapk\u00f6zi \u00fczemeltet\u0151je kiz\u00e1r\u00f3lagos felel\u0151ss\u00e9ggel tartozik a kutyaszitter tev\u00e9kenys\u00e9g\u00e9\u00e9rt.<br \/>A KutyaNapk\u00f6zi \u00fczemeltet\u0151je nem tartozik felel\u0151ss\u00e9ggel a napk\u00f6zi ideje alatt harmadik szem\u00e9ly \u00e1ltal ny\u00fajtott szolg\u00e1ltat\u00e1sok\u00e9rt (k\u00fcl\u00f6n\u00f6sen pl. az \u00e1llatorvosi m\u0171hib\u00e1k\u00e9rt).<\/p><p>VI.\/ Egy\u00e9b rendelkez\u00e9sek<br \/>Kutyatulajdonos kijelenti, hogy nagykor\u00fa magyar \u00e1llampolg\u00e1r \u00e9s szerz\u0151d\u00e9sk\u00f6t\u00e9si k\u00e9pess\u00e9ge korl\u00e1toz\u00e1s alatt nem \u00e1ll. Buda Roland E.V kijelenti, hogy Magyarorsz\u00e1gon bejegyzett egy\u00e9ni v\u00e1llalkoz\u00f3. Kutyatulajdonos kijelenti, hogy a kutya tulajdonjog\u00e1val rendelkezik. Kutyaszitter kijelenti, hogy a szerz\u0151d\u00e9sben meghat\u00e1rozott szolg\u00e1ltat\u00e1s ny\u00fajt\u00e1s\u00e1ra megfelel\u0151 felt\u00e9telekkel rendelkezik.<br \/>Kutyatulajdonos feljogos\u00edtja a kutyaszittert az \u00e1llatorvossal t\u00f6rt\u00e9n\u0151 egyeztet\u00e9sre a fenti inform\u00e1ci\u00f3k meger\u0151s\u00edt\u00e9se c\u00e9lj\u00e1b\u00f3l.<br \/>Jelen \u00e1ltal\u00e1nos szerz\u0151d\u00e9si felt\u00e9telek 2023.szeptember 26. napj\u00e1t\u00f3l visszavon\u00e1sig hat\u00e1lyosak.<br \/>Eger, 2023.szeptember 26.<\/p>\t\t\t\t\t\t<\/div>\n\t\t\t\t<\/div>\n\t\t\t\t\t<\/div>\n\t\t\t\t<\/div>\n\t\t\t\t\t\t\t<\/div>\n\t\t","protected":false},"excerpt":{"rendered":"<p>Napk\u00f6zis foglalkoz\u00e1s \u00c1ltal\u00e1nos Szerz\u0151d\u00e9si Felt\u00e9telek Jelen \u00e1ltal\u00e1nos szerz\u0151d\u00e9si felt\u00e9telek c\u00e9lja az, hogy biztos\u00edtsa teljes k\u00f6r\u0171 meg\u00e1llapod\u00e1s kereteit a kutya ideiglenes elhelyez\u00e9s\u00e9vel kapcsolatban az Egri KutyaNapk\u00f6zi\u00a0 (tov\u00e1bbiakban: Kutyanapk\u00f6zi), a kuty\u00e1t gondoz\u00f3 (tov\u00e1bbiakban: kutyaszitter) \u00e9s kutya gazd\u00e1ja, tulajdonosa k\u00f6z\u00f6tt (tov\u00e1bbiakban: kutyatulajdonos). E k\u00f6rben a kutyatulajdonos biztos\u00edtva legyen arr\u00f3l, hogy kuty\u00e1ja a megfelel\u0151 ell\u00e1t\u00e1st kapja \u00e9s teljes k\u00f6r\u0171en<\/p>\n<p><a href=\"https:\/\/egrikutyanapkozi.hu\/?page_id=91\" class=\"more-link themebutton\">Read More<\/a><\/p>\n","protected":false},"author":1,"featured_media":0,"parent":0,"menu_order":0,"comment_status":"closed","ping_status":"closed","template":"","meta":{"footnotes":""},"class_list":["post-91","page","type-page","status-publish","hentry"],"_links":{"self":[{"href":"https:\/\/egrikutyanapkozi.hu\/index.php?rest_route=\/wp\/v2\/pages\/91","targetHints":{"allow":["GET"]}}],"collection":[{"href":"https:\/\/egrikutyanapkozi.hu\/index.php?rest_route=\/wp\/v2\/pages"}],"about":[{"href":"https:\/\/egrikutyanapkozi.hu\/index.php?rest_route=\/wp\/v2\/types\/page"}],"author":[{"embeddable":true,"href":"https:\/\/egrikutyanapkozi.hu\/index.php?rest_route=\/wp\/v2\/users\/1"}],"replies":[{"embeddable":true,"href":"https:\/\/egrikutyanapkozi.hu\/index.php?rest_route=%2Fwp%2Fv2%2Fcomments&post=91"}],"version-history":[{"count":4,"href":"https:\/\/egrikutyanapkozi.hu\/index.php?rest_route=\/wp\/v2\/pages\/91\/revisions"}],"predecessor-version":[{"id":95,"href":"https:\/\/egrikutyanapkozi.hu\/index.php?rest_route=\/wp\/v2\/pages\/91\/revisions\/95"}],"wp:attachment":[{"href":"https:\/\/egrikutyanapkozi.hu\/index.php?rest_route=%2Fwp%2Fv2%2Fmedia&parent=91"}],"curies":[{"name":"wp","href":"https:\/\/api.w.org\/{rel}","templated":true}]}}