{"id":37,"date":"2023-12-07T20:00:33","date_gmt":"2023-12-07T20:00:33","guid":{"rendered":"https:\/\/egrikutyanapkozi.hu\/?page_id=37"},"modified":"2024-04-15T21:41:00","modified_gmt":"2024-04-15T21:41:00","slug":"kezdolap","status":"publish","type":"page","link":"https:\/\/egrikutyanapkozi.hu\/","title":{"rendered":"Kezd\u0151lap"},"content":{"rendered":"\t\t<div data-elementor-type=\"wp-page\" data-elementor-id=\"37\" class=\"elementor elementor-37\">\n\t\t\t\t\t\t\t<div class=\"elementor-element elementor-element-0139cdb e-flex e-con-boxed e-con e-parent\" data-id=\"0139cdb\" data-element_type=\"container\" data-settings=\"{&quot;content_width&quot;:&quot;boxed&quot;}\" data-core-v316-plus=\"true\">\n\t\t\t\t\t<div class=\"e-con-inner\">\n\t\t\t\t<div class=\"elementor-element elementor-element-a7c181d elementor-widget elementor-widget-text-editor\" data-id=\"a7c181d\" data-element_type=\"widget\" data-widget_type=\"text-editor.default\">\n\t\t\t\t<div class=\"elementor-widget-container\">\n\t\t\t<style>\/*! elementor - v3.17.0 - 08-11-2023 *\/\n.elementor-widget-text-editor.elementor-drop-cap-view-stacked .elementor-drop-cap{background-color:#69727d;color:#fff}.elementor-widget-text-editor.elementor-drop-cap-view-framed .elementor-drop-cap{color:#69727d;border:3px solid;background-color:transparent}.elementor-widget-text-editor:not(.elementor-drop-cap-view-default) .elementor-drop-cap{margin-top:8px}.elementor-widget-text-editor:not(.elementor-drop-cap-view-default) .elementor-drop-cap-letter{width:1em;height:1em}.elementor-widget-text-editor .elementor-drop-cap{float:left;text-align:center;line-height:1;font-size:50px}.elementor-widget-text-editor .elementor-drop-cap-letter{display:inline-block}<\/style>\t\t\t\t<h3 style=\"font-style: normal; text-align: center;\">V\u00e1ratlan programod t\u00e1madt, de a kuty\u00e1dat nem tudod magaddal vinni?<br \/>Vagy csak nem szeretn\u00e9d, ha otthon, mag\u00e1nyosan egyed\u00fcl szomorkodna am\u00edg Te dolgozol? Esetleg Egerben nyaralsz \u00e9s szeretn\u00e9l olyan helyre is elmenni, ahova nem tudod a kutyusodat bevinni?<\/h3>\t\t\t\t\t\t<\/div>\n\t\t\t\t<\/div>\n\t\t\t\t<div class=\"elementor-element elementor-element-e5edf71 elementor-widget elementor-widget-heading\" data-id=\"e5edf71\" data-element_type=\"widget\" data-widget_type=\"heading.default\">\n\t\t\t\t<div class=\"elementor-widget-container\">\n\t\t\t<style>\/*! elementor - v3.17.0 - 08-11-2023 *\/\n.elementor-heading-title{padding:0;margin:0;line-height:1}.elementor-widget-heading .elementor-heading-title[class*=elementor-size-]>a{color:inherit;font-size:inherit;line-height:inherit}.elementor-widget-heading .elementor-heading-title.elementor-size-small{font-size:15px}.elementor-widget-heading .elementor-heading-title.elementor-size-medium{font-size:19px}.elementor-widget-heading .elementor-heading-title.elementor-size-large{font-size:29px}.elementor-widget-heading .elementor-heading-title.elementor-size-xl{font-size:39px}.elementor-widget-heading .elementor-heading-title.elementor-size-xxl{font-size:59px}<\/style><h2 class=\"elementor-heading-title elementor-size-default\">Egy kutyanapk\u00f6zi kiv\u00e1l\u00f3 megold\u00e1st ny\u00fajt, ha azt szeretn\u00e9d, hogy<\/h2>\t\t<\/div>\n\t\t\t\t<\/div>\n\t\t\t\t<div class=\"elementor-element elementor-element-63b64a2 elementor-widget elementor-widget-text-editor\" data-id=\"63b64a2\" data-element_type=\"widget\" data-widget_type=\"text-editor.default\">\n\t\t\t\t<div class=\"elementor-widget-container\">\n\t\t\t\t\t\t\t<h4>1. Kedvenced ne legyen egyed\u00fcl am\u00edg Te,\u00a0t\u00e1vol vagy.<br \/>2. Ha sz\u00e1modra is fontos, hogy nyugodtan v\u00e9gezhesd a tennival\u00f3dat \u00e9s nem kell\u00a0 azon agg\u00f3dnod, hogy \u00e9ppen j\u00f3l b\u00e1nnak-e vele.<br \/>3. Ha szeretn\u00e9d Eger \u00e9s k\u00f6rny\u00e9k\u00e9n l\u00e9v\u0151 nevezetess\u00e9geket megn\u00e9zni \u00e9s addig is a kedvenced biztons\u00e1gban legyen.<br \/>4. Ha fontosnak tartod, hogy eg\u00e9sz nap a t\u00f6bbi vend\u00e9g (j\u00f3l szocializ\u00e1lt) kutyusaink\u00a0t\u00e1rsas\u00e1g\u00e1t \u00e9lvezze.<br \/>5. Ha d\u00e9lut\u00e1n egy f\u00e1radt-lemozgatott, boldog kuty\u00e1t szeretn\u00e9l hazavinni.<\/h4><h4>N\u00e1lunk nem kell azon sem agg\u00f3dnod, hogy milyen kuty\u00e1kkal lesz \u00f6sszeengedve a Kedvenced. Sz\u00e1munkra legfontosabb a biztons\u00e1g, \u00fagyhogy csak j\u00f3l szocializ\u00e1lt kuty\u00e1kat enged\u00fcnk \u00f6ssze. Kuty\u00e1ink \u00e1lland\u00f3 fel\u00fcgyelet alatt vannak. Fontosnak tartjuk, hogy ne egy kennelben kelljen szomorkodniuk eg\u00e9sz nap, hanem a szabadban, gy\u00f6ny\u00f6r\u0171 k\u00f6rnyezetben t\u00f6lthess\u00e9k az eg\u00e9sz napot fel\u00fcgyelet\u00fcnk alatt, norm\u00e1lis, szocializ\u00e1lt kuty\u00e1k k\u00f6z\u00f6tt.\u00a0<\/h4>\t\t\t\t\t\t<\/div>\n\t\t\t\t<\/div>\n\t\t\t\t<div class=\"elementor-element elementor-element-d6d4eaf elementor-widget elementor-widget-image\" data-id=\"d6d4eaf\" data-element_type=\"widget\" data-widget_type=\"image.default\">\n\t\t\t\t<div class=\"elementor-widget-container\">\n\t\t\t<style>\/*! elementor - v3.17.0 - 08-11-2023 *\/\n.elementor-widget-image{text-align:center}.elementor-widget-image a{display:inline-block}.elementor-widget-image a img[src$=\".svg\"]{width:48px}.elementor-widget-image img{vertical-align:middle;display:inline-block}<\/style>\t\t\t\t\t\t\t\t\t\t\t\t<img fetchpriority=\"high\" decoding=\"async\" width=\"1024\" height=\"819\" src=\"https:\/\/egrikutyanapkozi.hu\/wp-content\/uploads\/2024\/04\/Copy-of-VILAGNAP_2023-1024x819.png\" class=\"attachment-large size-large wp-image-190\" alt=\"\" srcset=\"https:\/\/egrikutyanapkozi.hu\/wp-content\/uploads\/2024\/04\/Copy-of-VILAGNAP_2023-1024x819.png 1024w, https:\/\/egrikutyanapkozi.hu\/wp-content\/uploads\/2024\/04\/Copy-of-VILAGNAP_2023-300x240.png 300w, https:\/\/egrikutyanapkozi.hu\/wp-content\/uploads\/2024\/04\/Copy-of-VILAGNAP_2023-768x614.png 768w, https:\/\/egrikutyanapkozi.hu\/wp-content\/uploads\/2024\/04\/Copy-of-VILAGNAP_2023-1536x1229.png 1536w, https:\/\/egrikutyanapkozi.hu\/wp-content\/uploads\/2024\/04\/Copy-of-VILAGNAP_2023.png 2000w\" sizes=\"(max-width: 1024px) 100vw, 1024px\" \/>\t\t\t\t\t\t\t\t\t\t\t\t\t\t\t<\/div>\n\t\t\t\t<\/div>\n\t\t\t\t<div class=\"elementor-element elementor-element-6fc26b1 elementor-widget elementor-widget-heading\" data-id=\"6fc26b1\" data-element_type=\"widget\" data-widget_type=\"heading.default\">\n\t\t\t\t<div class=\"elementor-widget-container\">\n\t\t\t<h2 class=\"elementor-heading-title elementor-size-default\">Az Egri KutyaNapk\u00f6zi szolg\u00e1ltat\u00e1sai\u200b<\/h2>\t\t<\/div>\n\t\t\t\t<\/div>\n\t\t\t\t\t<\/div>\n\t\t\t\t<\/div>\n\t\t<div class=\"elementor-element elementor-element-27c8c49 e-flex e-con-boxed e-con e-parent\" data-id=\"27c8c49\" data-element_type=\"container\" data-settings=\"{&quot;content_width&quot;:&quot;boxed&quot;}\" data-core-v316-plus=\"true\">\n\t\t\t\t\t<div class=\"e-con-inner\">\n\t\t<div class=\"elementor-element elementor-element-62593ac e-con-full e-flex e-con e-child\" data-id=\"62593ac\" data-element_type=\"container\" data-settings=\"{&quot;content_width&quot;:&quot;full&quot;}\">\n\t\t\t\t<div class=\"elementor-element elementor-element-edda9e1 elementor-widget elementor-widget-heading\" data-id=\"edda9e1\" data-element_type=\"widget\" data-widget_type=\"heading.default\">\n\t\t\t\t<div class=\"elementor-widget-container\">\n\t\t\t<h3 class=\"elementor-heading-title elementor-size-default\">Kutyanapk\u00f6zi<\/h3>\t\t<\/div>\n\t\t\t\t<\/div>\n\t\t\t\t<div class=\"elementor-element elementor-element-a49f947 elementor-widget elementor-widget-text-editor\" data-id=\"a49f947\" data-element_type=\"widget\" data-widget_type=\"text-editor.default\">\n\t\t\t\t<div class=\"elementor-widget-container\">\n\t\t\t\t\t\t\t<p>Az Egri KutyaNapk\u00f6zi feltett sz\u00e1nd\u00e9ka, hogy a gazdik v\u00e1ll\u00e1r\u00f3l levegye a terhet. Lehet\u0151s\u00e9get biztos\u00edtunk, hogy kultur\u00e1lt k\u00f6r\u00fclm\u00e9nyek k\u00f6z\u00f6tt, szak\u00e9rt\u0151i fel\u00fcgyelet mellett, a kutyusok akt\u00edv \u00e9letet \u00e9lhessenek.<\/p>\t\t\t\t\t\t<\/div>\n\t\t\t\t<\/div>\n\t\t\t\t<div class=\"elementor-element elementor-element-7e37d11 elementor-widget elementor-widget-button\" data-id=\"7e37d11\" data-element_type=\"widget\" data-widget_type=\"button.default\">\n\t\t\t\t<div class=\"elementor-widget-container\">\n\t\t\t\t\t<div class=\"elementor-button-wrapper\">\n\t\t\t<a class=\"elementor-button elementor-button-link elementor-size-sm\" href=\"http:\/\/egrikutyanapkozi.hu\/kutyanapkozi\/\">\n\t\t\t\t\t\t<span class=\"elementor-button-content-wrapper\">\n\t\t\t\t\t\t<span class=\"elementor-button-text\">B\u0151vebben<\/span>\n\t\t<\/span>\n\t\t\t\t\t<\/a>\n\t\t<\/div>\n\t\t\t\t<\/div>\n\t\t\t\t<\/div>\n\t\t\t\t<\/div>\n\t\t<div class=\"elementor-element elementor-element-1bba24b e-con-full e-flex e-con e-child\" data-id=\"1bba24b\" data-element_type=\"container\" data-settings=\"{&quot;content_width&quot;:&quot;full&quot;}\">\n\t\t\t\t<div class=\"elementor-element elementor-element-eadfd25 elementor-widget elementor-widget-image\" data-id=\"eadfd25\" data-element_type=\"widget\" data-widget_type=\"image.default\">\n\t\t\t\t<div class=\"elementor-widget-container\">\n\t\t\t\t\t\t\t\t\t\t\t\t\t\t\t<img decoding=\"async\" width=\"1024\" height=\"768\" src=\"https:\/\/egrikutyanapkozi.hu\/wp-content\/uploads\/2023\/12\/unnamed-1024x768.jpg\" class=\"attachment-large size-large wp-image-58\" alt=\"\" srcset=\"https:\/\/egrikutyanapkozi.hu\/wp-content\/uploads\/2023\/12\/unnamed-1024x768.jpg 1024w, https:\/\/egrikutyanapkozi.hu\/wp-content\/uploads\/2023\/12\/unnamed-300x225.jpg 300w, https:\/\/egrikutyanapkozi.hu\/wp-content\/uploads\/2023\/12\/unnamed-768x576.jpg 768w, https:\/\/egrikutyanapkozi.hu\/wp-content\/uploads\/2023\/12\/unnamed-1536x1152.jpg 1536w, https:\/\/egrikutyanapkozi.hu\/wp-content\/uploads\/2023\/12\/unnamed-2048x1536.jpg 2048w\" sizes=\"(max-width: 1024px) 100vw, 1024px\" \/>\t\t\t\t\t\t\t\t\t\t\t\t\t\t\t<\/div>\n\t\t\t\t<\/div>\n\t\t\t\t<\/div>\n\t\t<div class=\"elementor-element elementor-element-4a2b686 e-con-full e-flex e-con e-child\" data-id=\"4a2b686\" data-element_type=\"container\" data-settings=\"{&quot;content_width&quot;:&quot;full&quot;}\">\n\t\t\t\t<div class=\"elementor-element elementor-element-bb33cf1 elementor-widget elementor-widget-heading\" data-id=\"bb33cf1\" data-element_type=\"widget\" data-widget_type=\"heading.default\">\n\t\t\t\t<div class=\"elementor-widget-container\">\n\t\t\t<h3 class=\"elementor-heading-title elementor-size-default\">Ebtaxi<\/h3>\t\t<\/div>\n\t\t\t\t<\/div>\n\t\t\t\t<div class=\"elementor-element elementor-element-d6e4442 elementor-widget elementor-widget-text-editor\" data-id=\"d6e4442\" data-element_type=\"widget\" data-widget_type=\"text-editor.default\">\n\t\t\t\t<div class=\"elementor-widget-container\">\n\t\t\t\t\t\t\t<p><span style=\"font-family: Roboto, sans-serif; font-size: 12px; font-style: normal; font-weight: 400;\">Ha nincs id\u0151d vagy lehet\u0151s\u00e9ged elhozni kutyusod a napk\u00f6zibe, akkor mi elmegy\u00fcnk a kedvenced\u00e9rt \u00e9s a napk\u00f6zi v\u00e9g\u00e9n haza is vissz\u00fck. Ezzel is seg\u00edtve az aut\u00f3 n\u00e9lk\u00fcl l\u00e9v\u0151 gazdik \u00e9let\u00e9t.<\/span><\/p>\t\t\t\t\t\t<\/div>\n\t\t\t\t<\/div>\n\t\t\t\t<div class=\"elementor-element elementor-element-f3afc88 elementor-widget elementor-widget-button\" data-id=\"f3afc88\" data-element_type=\"widget\" data-widget_type=\"button.default\">\n\t\t\t\t<div class=\"elementor-widget-container\">\n\t\t\t\t\t<div class=\"elementor-button-wrapper\">\n\t\t\t<a class=\"elementor-button elementor-button-link elementor-size-sm\" href=\"http:\/\/egrikutyanapkozi.hu\/ebtaxi\/\">\n\t\t\t\t\t\t<span class=\"elementor-button-content-wrapper\">\n\t\t\t\t\t\t<span class=\"elementor-button-text\">B\u0151vebben<\/span>\n\t\t<\/span>\n\t\t\t\t\t<\/a>\n\t\t<\/div>\n\t\t\t\t<\/div>\n\t\t\t\t<\/div>\n\t\t\t\t<\/div>\n\t\t<div class=\"elementor-element elementor-element-86eb7ba e-con-full e-flex e-con e-child\" data-id=\"86eb7ba\" data-element_type=\"container\" data-settings=\"{&quot;content_width&quot;:&quot;full&quot;}\">\n\t\t\t\t<div class=\"elementor-element elementor-element-77abd22 elementor-widget elementor-widget-image\" data-id=\"77abd22\" data-element_type=\"widget\" data-widget_type=\"image.default\">\n\t\t\t\t<div class=\"elementor-widget-container\">\n\t\t\t\t\t\t\t\t\t\t\t\t\t\t\t<img decoding=\"async\" width=\"1024\" height=\"768\" src=\"https:\/\/egrikutyanapkozi.hu\/wp-content\/uploads\/2023\/12\/unnamed-2-1024x768.jpg\" class=\"attachment-large size-large wp-image-61\" alt=\"\" srcset=\"https:\/\/egrikutyanapkozi.hu\/wp-content\/uploads\/2023\/12\/unnamed-2-1024x768.jpg 1024w, https:\/\/egrikutyanapkozi.hu\/wp-content\/uploads\/2023\/12\/unnamed-2-300x225.jpg 300w, https:\/\/egrikutyanapkozi.hu\/wp-content\/uploads\/2023\/12\/unnamed-2-768x576.jpg 768w, https:\/\/egrikutyanapkozi.hu\/wp-content\/uploads\/2023\/12\/unnamed-2-1536x1152.jpg 1536w, https:\/\/egrikutyanapkozi.hu\/wp-content\/uploads\/2023\/12\/unnamed-2-2048x1536.jpg 2048w\" sizes=\"(max-width: 1024px) 100vw, 1024px\" \/>\t\t\t\t\t\t\t\t\t\t\t\t\t\t\t<\/div>\n\t\t\t\t<\/div>\n\t\t\t\t<\/div>\n\t\t<div class=\"elementor-element elementor-element-08b96d8 e-con-full e-flex e-con e-child\" data-id=\"08b96d8\" data-element_type=\"container\" data-settings=\"{&quot;content_width&quot;:&quot;full&quot;}\">\n\t\t\t\t<div class=\"elementor-element elementor-element-00c08fb elementor-widget elementor-widget-heading\" data-id=\"00c08fb\" data-element_type=\"widget\" data-widget_type=\"heading.default\">\n\t\t\t\t<div class=\"elementor-widget-container\">\n\t\t\t<h3 class=\"elementor-heading-title elementor-size-default\">Egy\u00e9ni k\u00e9pz\u00e9s<\/h3>\t\t<\/div>\n\t\t\t\t<\/div>\n\t\t\t\t<div class=\"elementor-element elementor-element-ef1cc93 elementor-widget elementor-widget-text-editor\" data-id=\"ef1cc93\" data-element_type=\"widget\" data-widget_type=\"text-editor.default\">\n\t\t\t\t<div class=\"elementor-widget-container\">\n\t\t\t\t\t\t\t<p>Napjainkban el\u0151fordulhat, hogy id\u0151beoszt\u00e1sa miatt egy Gazd\u00e1nak nincs lehet\u0151s\u00e9ge tanfolyamokon r\u00e9szt venni, vagy a k\u00f6r\u00fclm\u00e9nyeik v\u00e1ltoz\u00e1sa miatt (pl. k\u00f6lt\u00f6z\u00e9s, kisbaba sz\u00fclet\u00e9se) van sz\u00fcks\u00e9ge seg\u00edts\u00e9gre. M\u00e1sik tradicion\u00e1lis, sok Kutya tulajdonost \u00e9rint\u0151 probl\u00e9ma, hogy a Gazda nem tudja v\u00e1llalni Kuty\u00e1j\u00e1val a csoportos kik\u00e9pz\u00e9sen val\u00f3 r\u00e9szv\u00e9telt, mert Kuty\u00e1ja csahol\u00f3s, koncentr\u00e1ci\u00f3s zavarokkal k\u00fczd, vagy eg\u00e9sz egyszer\u0171en nem tudja a Gazda hogyan fog viselkedni.\u00a0\u00a0<\/p>\t\t\t\t\t\t<\/div>\n\t\t\t\t<\/div>\n\t\t\t\t<\/div>\n\t\t<div class=\"elementor-element elementor-element-a7c9f85 e-con-full e-flex e-con e-child\" data-id=\"a7c9f85\" data-element_type=\"container\" data-settings=\"{&quot;content_width&quot;:&quot;full&quot;}\">\n\t\t\t\t<div class=\"elementor-element elementor-element-e802c97 elementor-widget elementor-widget-image\" data-id=\"e802c97\" data-element_type=\"widget\" data-widget_type=\"image.default\">\n\t\t\t\t<div class=\"elementor-widget-container\">\n\t\t\t\t\t\t\t\t\t\t\t\t\t\t\t<img loading=\"lazy\" decoding=\"async\" width=\"1024\" height=\"768\" src=\"https:\/\/egrikutyanapkozi.hu\/wp-content\/uploads\/2023\/12\/unnamed-1-1024x768.jpg\" class=\"attachment-large size-large wp-image-60\" alt=\"\" srcset=\"https:\/\/egrikutyanapkozi.hu\/wp-content\/uploads\/2023\/12\/unnamed-1-1024x768.jpg 1024w, https:\/\/egrikutyanapkozi.hu\/wp-content\/uploads\/2023\/12\/unnamed-1-300x225.jpg 300w, https:\/\/egrikutyanapkozi.hu\/wp-content\/uploads\/2023\/12\/unnamed-1-768x576.jpg 768w, https:\/\/egrikutyanapkozi.hu\/wp-content\/uploads\/2023\/12\/unnamed-1-1536x1152.jpg 1536w, https:\/\/egrikutyanapkozi.hu\/wp-content\/uploads\/2023\/12\/unnamed-1-2048x1536.jpg 2048w\" sizes=\"(max-width: 1024px) 100vw, 1024px\" \/>\t\t\t\t\t\t\t\t\t\t\t\t\t\t\t<\/div>\n\t\t\t\t<\/div>\n\t\t\t\t<\/div>\n\t\t\t\t\t<\/div>\n\t\t\t\t<\/div>\n\t\t<div class=\"elementor-element elementor-element-ca26413 e-flex e-con-boxed e-con e-parent\" data-id=\"ca26413\" data-element_type=\"container\" data-settings=\"{&quot;content_width&quot;:&quot;boxed&quot;}\" data-core-v316-plus=\"true\">\n\t\t\t\t\t<div class=\"e-con-inner\">\n\t\t\t\t<div class=\"elementor-element elementor-element-b81748e elementor-widget elementor-widget-heading\" data-id=\"b81748e\" data-element_type=\"widget\" data-widget_type=\"heading.default\">\n\t\t\t\t<div class=\"elementor-widget-container\">\n\t\t\t<h2 class=\"elementor-heading-title elementor-size-default\">Bejelentkez\u00e9s<\/h2>\t\t<\/div>\n\t\t\t\t<\/div>\n\t\t\t\t\t<\/div>\n\t\t\t\t<\/div>\n\t\t<div class=\"elementor-element elementor-element-76e45d9 e-flex e-con-boxed e-con e-parent\" data-id=\"76e45d9\" data-element_type=\"container\" data-settings=\"{&quot;content_width&quot;:&quot;boxed&quot;}\" data-core-v316-plus=\"true\">\n\t\t\t\t\t<div class=\"e-con-inner\">\n\t\t\t\t<div class=\"elementor-element elementor-element-22df68a elementor-widget elementor-widget-text-editor\" data-id=\"22df68a\" data-element_type=\"widget\" data-widget_type=\"text-editor.default\">\n\t\t\t\t<div class=\"elementor-widget-container\">\n\t\t\t\t\t\t\t<h4>Nyitvatart\u00e1s: minden h\u00e9ten h\u00e9tf\u0151n, kedden, szerd\u00e1n, cs\u00fct\u00f6rt\u00f6k\u00f6n v\u00e1rjuk a napk\u00f6zibe a n\u00e9gyl\u00e1b\u00fa kedvenceket, legyen sz\u00f3 fiatal, id\u0151s, k\u00e9pzett, vagy k\u00e9pzetlen kuty\u00e1r\u00f3l.\u00a0<\/h4><div><h4>Foglald le kutyusod hely\u00e9t el\u0151re, mert a napi l\u00e9tsz\u00e1m korl\u00e1tozott!<\/h4><\/div>\t\t\t\t\t\t<\/div>\n\t\t\t\t<\/div>\n\t\t\t\t\t<\/div>\n\t\t\t\t<\/div>\n\t\t<div class=\"elementor-element elementor-element-fa99115 e-flex e-con-boxed e-con e-parent\" data-id=\"fa99115\" data-element_type=\"container\" data-settings=\"{&quot;content_width&quot;:&quot;boxed&quot;}\" data-core-v316-plus=\"true\">\n\t\t\t\t\t<div class=\"e-con-inner\">\n\t\t\t\t<div class=\"elementor-element elementor-element-f26f165 elementor-widget elementor-widget-text-editor\" data-id=\"f26f165\" data-element_type=\"widget\" data-widget_type=\"text-editor.default\">\n\t\t\t\t<div class=\"elementor-widget-container\">\n\t\t\t\t\t\t\t<h4>El\u0151sz\u00f6r j\u00e1rsz n\u00e1lunk bejelentkez\u00e9s el\u0151tt k\u00e9rj\u00fck olvasd \u00e1t Napk\u00f6zi szab\u00e1lyzatunkat:\u00a0<\/h4>\t\t\t\t\t\t<\/div>\n\t\t\t\t<\/div>\n\t\t\t\t<div class=\"elementor-element elementor-element-8c6005b elementor-widget elementor-widget-button\" data-id=\"8c6005b\" data-element_type=\"widget\" data-widget_type=\"button.default\">\n\t\t\t\t<div class=\"elementor-widget-container\">\n\t\t\t\t\t<div class=\"elementor-button-wrapper\">\n\t\t\t<a class=\"elementor-button elementor-button-link elementor-size-sm\" href=\"http:\/\/egrikutyanapkozi.hu\/kutyanapkozi-szabalyzat\/\">\n\t\t\t\t\t\t<span class=\"elementor-button-content-wrapper\">\n\t\t\t\t\t\t<span class=\"elementor-button-text\">Napk\u00f6zi szab\u00e1lyzat<\/span>\n\t\t<\/span>\n\t\t\t\t\t<\/a>\n\t\t<\/div>\n\t\t\t\t<\/div>\n\t\t\t\t<\/div>\n\t\t\t\t<div class=\"elementor-element elementor-element-b8f3cc1 elementor-widget elementor-widget-text-editor\" data-id=\"b8f3cc1\" data-element_type=\"widget\" data-widget_type=\"text-editor.default\">\n\t\t\t\t<div class=\"elementor-widget-container\">\n\t\t\t\t\t\t\t<h4>T\u00f6ltsd ki jelentkez\u00e9si lapunkat \u00e9s koll\u00e9g\u00e1ink 1-2 \u00f3r\u00e1n bel\u00fcl felveszik Veled a kapcsolatot.<\/h4><div><h4 style=\"font-style: normal;\"><span style=\"font-weight: bold;\">FONTOS! Els\u0151 alkalommal k\u00e9rlek v\u00e1laszd a szolg\u00e1ltat\u00e1sok k\u00f6z\u00fcl azt, amelyikhez oda van \u00edrva, &#8222;els\u0151 alkalommal&#8221;!<\/span><\/h4><\/div>\t\t\t\t\t\t<\/div>\n\t\t\t\t<\/div>\n\t\t\t\t<div class=\"elementor-element elementor-element-342016a elementor-widget elementor-widget-button\" data-id=\"342016a\" data-element_type=\"widget\" data-widget_type=\"button.default\">\n\t\t\t\t<div class=\"elementor-widget-container\">\n\t\t\t\t\t<div class=\"elementor-button-wrapper\">\n\t\t\t<a class=\"elementor-button elementor-button-link elementor-size-sm\" href=\"https:\/\/egrikutyanapkozi.booked4.us\/public\/\">\n\t\t\t\t\t\t<span class=\"elementor-button-content-wrapper\">\n\t\t\t\t\t\t<span class=\"elementor-button-text\">Bejelentkez\u00e9s <\/span>\n\t\t<\/span>\n\t\t\t\t\t<\/a>\n\t\t<\/div>\n\t\t\t\t<\/div>\n\t\t\t\t<\/div>\n\t\t\t\t<div class=\"elementor-element elementor-element-06891e2 elementor-widget elementor-widget-image\" data-id=\"06891e2\" data-element_type=\"widget\" data-widget_type=\"image.default\">\n\t\t\t\t<div class=\"elementor-widget-container\">\n\t\t\t\t\t\t\t\t\t\t\t\t\t\t\t<img loading=\"lazy\" decoding=\"async\" width=\"1024\" height=\"1024\" src=\"https:\/\/egrikutyanapkozi.hu\/wp-content\/uploads\/2024\/04\/2-2-1024x1024.png\" class=\"attachment-large size-large wp-image-198\" alt=\"\" srcset=\"https:\/\/egrikutyanapkozi.hu\/wp-content\/uploads\/2024\/04\/2-2-1024x1024.png 1024w, https:\/\/egrikutyanapkozi.hu\/wp-content\/uploads\/2024\/04\/2-2-300x300.png 300w, https:\/\/egrikutyanapkozi.hu\/wp-content\/uploads\/2024\/04\/2-2-150x150.png 150w, https:\/\/egrikutyanapkozi.hu\/wp-content\/uploads\/2024\/04\/2-2-768x768.png 768w, https:\/\/egrikutyanapkozi.hu\/wp-content\/uploads\/2024\/04\/2-2-570x570.png 570w, https:\/\/egrikutyanapkozi.hu\/wp-content\/uploads\/2024\/04\/2-2-380x380.png 380w, https:\/\/egrikutyanapkozi.hu\/wp-content\/uploads\/2024\/04\/2-2-285x285.png 285w, https:\/\/egrikutyanapkozi.hu\/wp-content\/uploads\/2024\/04\/2-2.png 1080w\" sizes=\"(max-width: 1024px) 100vw, 1024px\" \/>\t\t\t\t\t\t\t\t\t\t\t\t\t\t\t<\/div>\n\t\t\t\t<\/div>\n\t\t\t\t\t<\/div>\n\t\t\t\t<\/div>\n\t\t\t\t\t\t\t<\/div>\n\t\t","protected":false},"excerpt":{"rendered":"<p>V\u00e1ratlan programod t\u00e1madt, de a kuty\u00e1dat nem tudod magaddal vinni?Vagy csak nem szeretn\u00e9d, ha otthon, mag\u00e1nyosan egyed\u00fcl szomorkodna am\u00edg Te dolgozol? Esetleg Egerben nyaralsz \u00e9s szeretn\u00e9l olyan helyre is elmenni, ahova nem tudod a kutyusodat bevinni? Egy kutyanapk\u00f6zi kiv\u00e1l\u00f3 megold\u00e1st ny\u00fajt, ha azt szeretn\u00e9d, hogy 1. Kedvenced ne legyen egyed\u00fcl am\u00edg Te,\u00a0t\u00e1vol vagy.2. Ha sz\u00e1modra<\/p>\n<p><a href=\"https:\/\/egrikutyanapkozi.hu\/\" class=\"more-link themebutton\">Read More<\/a><\/p>\n","protected":false},"author":1,"featured_media":0,"parent":0,"menu_order":0,"comment_status":"closed","ping_status":"closed","template":"","meta":{"footnotes":""},"class_list":["post-37","page","type-page","status-publish","hentry"],"_links":{"self":[{"href":"https:\/\/egrikutyanapkozi.hu\/index.php?rest_route=\/wp\/v2\/pages\/37","targetHints":{"allow":["GET"]}}],"collection":[{"href":"https:\/\/egrikutyanapkozi.hu\/index.php?rest_route=\/wp\/v2\/pages"}],"about":[{"href":"https:\/\/egrikutyanapkozi.hu\/index.php?rest_route=\/wp\/v2\/types\/page"}],"author":[{"embeddable":true,"href":"https:\/\/egrikutyanapkozi.hu\/index.php?rest_route=\/wp\/v2\/users\/1"}],"replies":[{"embeddable":true,"href":"https:\/\/egrikutyanapkozi.hu\/index.php?rest_route=%2Fwp%2Fv2%2Fcomments&post=37"}],"version-history":[{"count":32,"href":"https:\/\/egrikutyanapkozi.hu\/index.php?rest_route=\/wp\/v2\/pages\/37\/revisions"}],"predecessor-version":[{"id":243,"href":"https:\/\/egrikutyanapkozi.hu\/index.php?rest_route=\/wp\/v2\/pages\/37\/revisions\/243"}],"wp:attachment":[{"href":"https:\/\/egrikutyanapkozi.hu\/index.php?rest_route=%2Fwp%2Fv2%2Fmedia&parent=37"}],"curies":[{"name":"wp","href":"https:\/\/api.w.org\/{rel}","templated":true}]}}