{"id":113,"date":"2023-12-07T21:34:47","date_gmt":"2023-12-07T21:34:47","guid":{"rendered":"https:\/\/egrikutyanapkozi.hu\/?page_id=113"},"modified":"2025-09-28T11:08:03","modified_gmt":"2025-09-28T11:08:03","slug":"arlista","status":"publish","type":"page","link":"https:\/\/egrikutyanapkozi.hu\/?page_id=113","title":{"rendered":"\u00c1rlista"},"content":{"rendered":"\t\t<div data-elementor-type=\"wp-page\" data-elementor-id=\"113\" class=\"elementor elementor-113\">\n\t\t\t\t\t\t\t<div class=\"elementor-element elementor-element-759ba8f e-con-full e-flex e-con e-parent\" data-id=\"759ba8f\" data-element_type=\"container\" data-settings=\"{&quot;content_width&quot;:&quot;full&quot;,&quot;background_background&quot;:&quot;classic&quot;}\" data-core-v316-plus=\"true\">\n\t\t\t\t<div class=\"elementor-element elementor-element-590101e elementor-widget elementor-widget-heading\" data-id=\"590101e\" data-element_type=\"widget\" data-widget_type=\"heading.default\">\n\t\t\t\t<div class=\"elementor-widget-container\">\n\t\t\t<style>\/*! elementor - v3.17.0 - 08-11-2023 *\/\n.elementor-heading-title{padding:0;margin:0;line-height:1}.elementor-widget-heading .elementor-heading-title[class*=elementor-size-]>a{color:inherit;font-size:inherit;line-height:inherit}.elementor-widget-heading .elementor-heading-title.elementor-size-small{font-size:15px}.elementor-widget-heading .elementor-heading-title.elementor-size-medium{font-size:19px}.elementor-widget-heading .elementor-heading-title.elementor-size-large{font-size:29px}.elementor-widget-heading .elementor-heading-title.elementor-size-xl{font-size:39px}.elementor-widget-heading .elementor-heading-title.elementor-size-xxl{font-size:59px}<\/style><h2 class=\"elementor-heading-title elementor-size-default\">KUTYANAPK\u00d6ZI<\/h2>\t\t<\/div>\n\t\t\t\t<\/div>\n\t\t\t\t<\/div>\n\t\t<div class=\"elementor-element elementor-element-4324e95 e-flex e-con-boxed e-con e-parent\" data-id=\"4324e95\" data-element_type=\"container\" data-settings=\"{&quot;content_width&quot;:&quot;boxed&quot;}\" data-core-v316-plus=\"true\">\n\t\t\t\t\t<div class=\"e-con-inner\">\n\t\t\t\t<div class=\"elementor-element elementor-element-740a730 elementor-widget elementor-widget-text-editor\" data-id=\"740a730\" data-element_type=\"widget\" data-widget_type=\"text-editor.default\">\n\t\t\t\t<div class=\"elementor-widget-container\">\n\t\t\t<style>\/*! elementor - v3.17.0 - 08-11-2023 *\/\n.elementor-widget-text-editor.elementor-drop-cap-view-stacked .elementor-drop-cap{background-color:#69727d;color:#fff}.elementor-widget-text-editor.elementor-drop-cap-view-framed .elementor-drop-cap{color:#69727d;border:3px solid;background-color:transparent}.elementor-widget-text-editor:not(.elementor-drop-cap-view-default) .elementor-drop-cap{margin-top:8px}.elementor-widget-text-editor:not(.elementor-drop-cap-view-default) .elementor-drop-cap-letter{width:1em;height:1em}.elementor-widget-text-editor .elementor-drop-cap{float:left;text-align:center;line-height:1;font-size:50px}.elementor-widget-text-editor .elementor-drop-cap-letter{display:inline-block}<\/style>\t\t\t\t<h4>Az \u00e1rlista \u00e9rv\u00e9nyes: 2025. j\u00falius 1-t\u0151l.<\/h4>\t\t\t\t\t\t<\/div>\n\t\t\t\t<\/div>\n\t\t\t\t\t<\/div>\n\t\t\t\t<\/div>\n\t\t<div class=\"elementor-element elementor-element-406f0d5 e-flex e-con-boxed e-con e-parent\" data-id=\"406f0d5\" data-element_type=\"container\" data-settings=\"{&quot;content_width&quot;:&quot;boxed&quot;}\" data-core-v316-plus=\"true\">\n\t\t\t\t\t<div class=\"e-con-inner\">\n\t\t<div class=\"elementor-element elementor-element-45320df e-con-full e-flex e-con e-child\" data-id=\"45320df\" data-element_type=\"container\" data-settings=\"{&quot;content_width&quot;:&quot;full&quot;}\">\n\t\t\t\t<div class=\"elementor-element elementor-element-e975526 elementor-widget elementor-widget-heading\" data-id=\"e975526\" data-element_type=\"widget\" data-widget_type=\"heading.default\">\n\t\t\t\t<div class=\"elementor-widget-container\">\n\t\t\t<h2 class=\"elementor-heading-title elementor-size-default\">KutyaNapk\u00f6zi eg\u00e9sz napra<\/h2>\t\t<\/div>\n\t\t\t\t<\/div>\n\t\t\t\t<div class=\"elementor-element elementor-element-24cb412 elementor-widget elementor-widget-text-editor\" data-id=\"24cb412\" data-element_type=\"widget\" data-widget_type=\"text-editor.default\">\n\t\t\t\t<div class=\"elementor-widget-container\">\n\t\t\t\t\t\t\t<h4>Id\u0151tartam: 8:00-17:00-ig vagy 4 \u00f3ra felett<\/h4><h4>Napijegy: 5.000 Ft\/kutya<\/h4><h4>B\u00e9rlet: 32.000- Ft\/ 10 alkalom (6\u00a0 h\u00f3napig \u00e9rv\u00e9nyes)<\/h4>\t\t\t\t\t\t<\/div>\n\t\t\t\t<\/div>\n\t\t\t\t<\/div>\n\t\t<div class=\"elementor-element elementor-element-dacba3b e-con-full e-flex e-con e-child\" data-id=\"dacba3b\" data-element_type=\"container\" data-settings=\"{&quot;content_width&quot;:&quot;full&quot;}\">\n\t\t\t\t<div class=\"elementor-element elementor-element-6d803ff elementor-widget elementor-widget-heading\" data-id=\"6d803ff\" data-element_type=\"widget\" data-widget_type=\"heading.default\">\n\t\t\t\t<div class=\"elementor-widget-container\">\n\t\t\t<h2 class=\"elementor-heading-title elementor-size-default\">KutyaNapk\u00f6zi f\u00e9l napra (4 \u00f3ra)<\/h2>\t\t<\/div>\n\t\t\t\t<\/div>\n\t\t\t\t<div class=\"elementor-element elementor-element-333fa33 elementor-widget elementor-widget-text-editor\" data-id=\"333fa33\" data-element_type=\"widget\" data-widget_type=\"text-editor.default\">\n\t\t\t\t<div class=\"elementor-widget-container\">\n\t\t\t\t\t\t\t<h4>Id\u0151tartam: 4 \u00f3ra (8:00-12:00 vagy 12:00-16:00)<\/h4><h4>Napijegy: 4.000 Ft\/kutya<\/h4><h4>B\u00e9rlet: 25.000 Ft\/10 alkalom (6\u00a0 h\u00f3napig \u00e9rv\u00e9nyes)<\/h4>\t\t\t\t\t\t<\/div>\n\t\t\t\t<\/div>\n\t\t\t\t<\/div>\n\t\t\t\t\t<\/div>\n\t\t\t\t<\/div>\n\t\t<div class=\"elementor-element elementor-element-db5e9ab e-flex e-con-boxed e-con e-parent\" data-id=\"db5e9ab\" data-element_type=\"container\" data-settings=\"{&quot;content_width&quot;:&quot;boxed&quot;}\" data-core-v316-plus=\"true\">\n\t\t\t\t\t<div class=\"e-con-inner\">\n\t\t<div class=\"elementor-element elementor-element-ec293d0 e-con-full e-flex e-con e-child\" data-id=\"ec293d0\" data-element_type=\"container\" data-settings=\"{&quot;content_width&quot;:&quot;full&quot;}\">\n\t\t\t\t<div class=\"elementor-element elementor-element-62183aa elementor-widget elementor-widget-heading\" data-id=\"62183aa\" data-element_type=\"widget\" data-widget_type=\"heading.default\">\n\t\t\t\t<div class=\"elementor-widget-container\">\n\t\t\t<h2 class=\"elementor-heading-title elementor-size-default\">Ebtaxi szolg\u00e1ltat\u00e1s<\/h2>\t\t<\/div>\n\t\t\t\t<\/div>\n\t\t\t\t<div class=\"elementor-element elementor-element-9bb4942 elementor-widget elementor-widget-text-editor\" data-id=\"9bb4942\" data-element_type=\"widget\" data-widget_type=\"text-editor.default\">\n\t\t\t\t<div class=\"elementor-widget-container\">\n\t\t\t\t\t\t\t<h4>Eger ter\u00fclet\u00e9n bel\u00fcl: 3.500 Ft\/alkalom<\/h4><h4><em>Eger ter\u00fclet\u00e9n k\u00edv\u00fcl egyeztet\u00e9st ig\u00e9nyel.<\/em><\/h4>\t\t\t\t\t\t<\/div>\n\t\t\t\t<\/div>\n\t\t\t\t<\/div>\n\t\t\t\t\t<\/div>\n\t\t\t\t<\/div>\n\t\t<div class=\"elementor-element elementor-element-08d0cfb e-flex e-con-boxed e-con e-parent\" data-id=\"08d0cfb\" data-element_type=\"container\" data-settings=\"{&quot;content_width&quot;:&quot;boxed&quot;}\" data-core-v316-plus=\"true\">\n\t\t\t\t\t<div class=\"e-con-inner\">\n\t\t<div class=\"elementor-element elementor-element-23780bc e-con-full e-flex e-con e-child\" data-id=\"23780bc\" data-element_type=\"container\" data-settings=\"{&quot;content_width&quot;:&quot;full&quot;}\">\n\t\t\t\t<div class=\"elementor-element elementor-element-d5d17ff elementor-widget elementor-widget-heading\" data-id=\"d5d17ff\" data-element_type=\"widget\" data-widget_type=\"heading.default\">\n\t\t\t\t<div class=\"elementor-widget-container\">\n\t\t\t<h2 class=\"elementor-heading-title elementor-size-default\">EGY\u00dcTTM\u0170K\u00d6D\u0150 PARTNEREINK<\/h2>\t\t<\/div>\n\t\t\t\t<\/div>\n\t\t<div class=\"elementor-element elementor-element-0e18559 e-flex e-con-boxed e-con e-child\" data-id=\"0e18559\" data-element_type=\"container\" data-settings=\"{&quot;content_width&quot;:&quot;boxed&quot;}\">\n\t\t\t\t\t<div class=\"e-con-inner\">\n\t\t\t\t<div class=\"elementor-element elementor-element-267bf0e elementor-widget elementor-widget-text-editor\" data-id=\"267bf0e\" data-element_type=\"widget\" data-widget_type=\"text-editor.default\">\n\t\t\t\t<div class=\"elementor-widget-container\">\n\t\t\t\t\t\t\t<h4>Egy\u00fcttm\u0171k\u00f6d\u0151 partnereinkkel k\u00f6lcs\u00f6n\u00f6sen kedvezm\u00e9nyes \u00e1rakat k\u00edn\u00e1lunk.<\/h4>\t\t\t\t\t\t<\/div>\n\t\t\t\t<\/div>\n\t\t\t\t\t<\/div>\n\t\t\t\t<\/div>\n\t\t\t\t<\/div>\n\t\t\t\t\t<\/div>\n\t\t\t\t<\/div>\n\t\t<div class=\"elementor-element elementor-element-498f909 e-flex e-con-boxed e-con e-parent\" data-id=\"498f909\" data-element_type=\"container\" data-settings=\"{&quot;content_width&quot;:&quot;boxed&quot;}\" data-core-v316-plus=\"true\">\n\t\t\t\t\t<div class=\"e-con-inner\">\n\t\t<div class=\"elementor-element elementor-element-4a2fff4 e-con-full e-flex e-con e-child\" data-id=\"4a2fff4\" data-element_type=\"container\" data-settings=\"{&quot;content_width&quot;:&quot;full&quot;}\">\n\t\t\t\t<div class=\"elementor-element elementor-element-98e4e13 elementor-widget elementor-widget-heading\" data-id=\"98e4e13\" data-element_type=\"widget\" data-widget_type=\"heading.default\">\n\t\t\t\t<div class=\"elementor-widget-container\">\n\t\t\t<h2 class=\"elementor-heading-title elementor-size-default\">Egri Kutyaiskola<\/h2>\t\t<\/div>\n\t\t\t\t<\/div>\n\t\t\t\t<div class=\"elementor-element elementor-element-082f5bb elementor-widget elementor-widget-text-editor\" data-id=\"082f5bb\" data-element_type=\"widget\" data-widget_type=\"text-editor.default\">\n\t\t\t\t<div class=\"elementor-widget-container\">\n\t\t\t\t\t\t\t<h4 style=\"font-style: normal; transition-property: all;\">Kedvezm\u00e9nyes b\u00e9rlet: 32.000 Ft helyett 26.000 Ft \/ 10 alkalom\u00a0<\/h4><h4 style=\"font-style: normal; transition-property: all;\">(6\u00a0 h\u00f3napig \u00e9rv\u00e9nyes)<\/h4><h5><em style=\"font-family: 'Open Sans', Helvetica, Arial; font-size: 14px;\">A kedvezm\u00e9nyt az veheti ig\u00e9nybe, aki b\u00e1rmilyen csoportos \u00f3r\u00e1n r\u00e9szt vesz a kutyaiskol\u00e1ban. A kedvezm\u00e9ny az els\u0151 napk\u00f6zis b\u00e9rlet \u00e1r\u00e1b\u00f3l \u00e9rv\u00e9nyes\u00edthet\u0151.<\/em><\/h5>\t\t\t\t\t\t<\/div>\n\t\t\t\t<\/div>\n\t\t\t\t<\/div>\n\t\t<div class=\"elementor-element elementor-element-1cd6431 e-con-full e-flex e-con e-child\" data-id=\"1cd6431\" data-element_type=\"container\" data-settings=\"{&quot;content_width&quot;:&quot;full&quot;}\">\n\t\t\t\t<div class=\"elementor-element elementor-element-387cf25 elementor-widget elementor-widget-heading\" data-id=\"387cf25\" data-element_type=\"widget\" data-widget_type=\"heading.default\">\n\t\t\t\t<div class=\"elementor-widget-container\">\n\t\t\t<h2 class=\"elementor-heading-title elementor-size-default\">Kutyak\u00f6zt\u00e1rsas\u00e1g - Munkakutya Egyes\u00fclet<\/h2>\t\t<\/div>\n\t\t\t\t<\/div>\n\t\t\t\t<div class=\"elementor-element elementor-element-b334e1c elementor-widget elementor-widget-text-editor\" data-id=\"b334e1c\" data-element_type=\"widget\" data-widget_type=\"text-editor.default\">\n\t\t\t\t<div class=\"elementor-widget-container\">\n\t\t\t\t\t\t\t<h4 style=\"font-style: normal; transition-property: all;\">Kedvezm\u00e9nyes b\u00e9rlet: 32.000 Ft helyett 26.000 Ft \/ 10 alkalom\u00a0<\/h4><h4 style=\"font-style: normal; transition-property: all;\">(6\u00a0 h\u00f3napig \u00e9rv\u00e9nyes)<\/h4><h5 style=\"font-style: normal; transition-property: all;\"><em style=\"font-family: 'Open Sans', Helvetica, Arial; font-size: 14px;\">A kedvezm\u00e9nyt az veheti ig\u00e9nybe, aki az egyes\u00fcletn\u00e9l elv\u00e9gzi a szarvasgomba keres\u0151 tanfolyamot. A kedvezm\u00e9ny az els\u0151 napk\u00f6zis b\u00e9rlet \u00e1r\u00e1b\u00f3l \u00e9rv\u00e9nyes\u00edthet\u0151.<\/em><\/h5>\t\t\t\t\t\t<\/div>\n\t\t\t\t<\/div>\n\t\t\t\t<\/div>\n\t\t\t\t\t<\/div>\n\t\t\t\t<\/div>\n\t\t<div class=\"elementor-element elementor-element-29de78a e-flex e-con-boxed e-con e-parent\" data-id=\"29de78a\" data-element_type=\"container\" data-settings=\"{&quot;content_width&quot;:&quot;boxed&quot;}\" data-core-v316-plus=\"true\">\n\t\t\t\t\t<div class=\"e-con-inner\">\n\t\t\t\t<div class=\"elementor-element elementor-element-07cd89e elementor-widget elementor-widget-heading\" data-id=\"07cd89e\" data-element_type=\"widget\" data-widget_type=\"heading.default\">\n\t\t\t\t<div class=\"elementor-widget-container\">\n\t\t\t<h2 class=\"elementor-heading-title elementor-size-default\">AKCI\u00d3!\u200b<\/h2>\t\t<\/div>\n\t\t\t\t<\/div>\n\t\t\t\t\t<\/div>\n\t\t\t\t<\/div>\n\t\t<div class=\"elementor-element elementor-element-20da05a e-flex e-con-boxed e-con e-parent\" data-id=\"20da05a\" data-element_type=\"container\" data-settings=\"{&quot;content_width&quot;:&quot;boxed&quot;}\" data-core-v316-plus=\"true\">\n\t\t\t\t\t<div class=\"e-con-inner\">\n\t\t<div class=\"elementor-element elementor-element-52ca4f0 e-con-full e-flex e-con e-child\" data-id=\"52ca4f0\" data-element_type=\"container\" data-settings=\"{&quot;content_width&quot;:&quot;full&quot;}\">\n\t\t\t\t<div class=\"elementor-element elementor-element-23ec82a elementor-widget elementor-widget-heading\" data-id=\"23ec82a\" data-element_type=\"widget\" data-widget_type=\"heading.default\">\n\t\t\t\t<div class=\"elementor-widget-container\">\n\t\t\t<h2 class=\"elementor-heading-title elementor-size-default\">ELS\u0150 ALKALOMMAL KEDVEZM\u00c9NY:<\/h2>\t\t<\/div>\n\t\t\t\t<\/div>\n\t\t\t\t<div class=\"elementor-element elementor-element-7d1c361 elementor-widget elementor-widget-text-editor\" data-id=\"7d1c361\" data-element_type=\"widget\" data-widget_type=\"text-editor.default\">\n\t\t\t\t<div class=\"elementor-widget-container\">\n\t\t\t\t\t\t\t<h4>KutyaNapk\u00f6zi eg\u00e9sz napra: 5.000 Ft HELYETT 3.500 Ft\/kutya<\/h4><h4>KutyaNapk\u00f6zi f\u00e9l napra (4 \u00f3ra): 4.000 Ft HELYETT 3.000 Ft\/kutya<\/h4>\t\t\t\t\t\t<\/div>\n\t\t\t\t<\/div>\n\t\t\t\t<\/div>\n\t\t\t\t\t<\/div>\n\t\t\t\t<\/div>\n\t\t<div class=\"elementor-element elementor-element-9b8c605 e-con-full e-flex e-con e-parent\" data-id=\"9b8c605\" data-element_type=\"container\" data-settings=\"{&quot;content_width&quot;:&quot;full&quot;,&quot;background_background&quot;:&quot;classic&quot;}\" data-core-v316-plus=\"true\">\n\t\t\t\t<div class=\"elementor-element elementor-element-15a01f9 elementor-widget elementor-widget-heading\" data-id=\"15a01f9\" data-element_type=\"widget\" data-widget_type=\"heading.default\">\n\t\t\t\t<div class=\"elementor-widget-container\">\n\t\t\t<h2 class=\"elementor-heading-title elementor-size-default\">EGY\u00c9NI K\u00c9PZ\u00c9S<\/h2>\t\t<\/div>\n\t\t\t\t<\/div>\n\t\t\t\t<\/div>\n\t\t<div class=\"elementor-element elementor-element-7fd942e e-flex e-con-boxed e-con e-parent\" data-id=\"7fd942e\" data-element_type=\"container\" data-settings=\"{&quot;content_width&quot;:&quot;boxed&quot;}\" data-core-v316-plus=\"true\">\n\t\t\t\t\t<div class=\"e-con-inner\">\n\t\t\t\t<div class=\"elementor-element elementor-element-21fba95 elementor-widget elementor-widget-heading\" data-id=\"21fba95\" data-element_type=\"widget\" data-widget_type=\"heading.default\">\n\t\t\t\t<div class=\"elementor-widget-container\">\n\t\t\t<h2 class=\"elementor-heading-title elementor-size-default\">Tov\u00e1bbi inform\u00e1ci\u00f3k:<\/h2>\t\t<\/div>\n\t\t\t\t<\/div>\n\t\t\t\t\t<\/div>\n\t\t\t\t<\/div>\n\t\t<div class=\"elementor-element elementor-element-ab65391 e-flex e-con-boxed e-con e-parent\" data-id=\"ab65391\" data-element_type=\"container\" data-settings=\"{&quot;content_width&quot;:&quot;boxed&quot;}\" data-core-v316-plus=\"true\">\n\t\t\t\t\t<div class=\"e-con-inner\">\n\t\t\t\t<div class=\"elementor-element elementor-element-576fa9d elementor-widget elementor-widget-text-editor\" data-id=\"576fa9d\" data-element_type=\"widget\" data-widget_type=\"text-editor.default\">\n\t\t\t\t<div class=\"elementor-widget-container\">\n\t\t\t\t\t\t\t<h4>Buda Roland<br \/>+ 36 30 613 8162<\/h4>\t\t\t\t\t\t<\/div>\n\t\t\t\t<\/div>\n\t\t\t\t\t<\/div>\n\t\t\t\t<\/div>\n\t\t<div class=\"elementor-element elementor-element-0a9e0a2 e-flex e-con-boxed e-con e-parent\" data-id=\"0a9e0a2\" data-element_type=\"container\" data-settings=\"{&quot;content_width&quot;:&quot;boxed&quot;}\" data-core-v316-plus=\"true\">\n\t\t\t\t\t<div class=\"e-con-inner\">\n\t\t<div class=\"elementor-element elementor-element-c13d27e e-con-full e-flex e-con e-child\" data-id=\"c13d27e\" data-element_type=\"container\" data-settings=\"{&quot;content_width&quot;:&quot;full&quot;}\">\n\t\t\t\t<div class=\"elementor-element elementor-element-9cfa2ea elementor-widget elementor-widget-heading\" data-id=\"9cfa2ea\" data-element_type=\"widget\" data-widget_type=\"heading.default\">\n\t\t\t\t<div class=\"elementor-widget-container\">\n\t\t\t<h2 class=\"elementor-heading-title elementor-size-default\">ELS\u0150 ALKALOMMAL KEDVEZM\u00c9NY:<\/h2>\t\t<\/div>\n\t\t\t\t<\/div>\n\t\t\t\t<div class=\"elementor-element elementor-element-63f6cc7 elementor-widget elementor-widget-text-editor\" data-id=\"63f6cc7\" data-element_type=\"widget\" data-widget_type=\"text-editor.default\">\n\t\t\t\t<div class=\"elementor-widget-container\">\n\t\t\t\t\t\t\t<h5>KutyaNapk\u00f6zi eg\u00e9sz napra: 5.000 Ft HELYETT 3.500 Ft\/kutya<\/h5><h5>KutyaNapk\u00f6zi f\u00e9l napra (4 \u00f3ra): 4.000 Ft HELYETT 3.000 Ft\/kutya<\/h5>\t\t\t\t\t\t<\/div>\n\t\t\t\t<\/div>\n\t\t\t\t<\/div>\n\t\t\t\t\t<\/div>\n\t\t\t\t<\/div>\n\t\t\t\t\t\t\t<\/div>\n\t\t","protected":false},"excerpt":{"rendered":"<p>KUTYANAPK\u00d6ZI Az \u00e1rlista \u00e9rv\u00e9nyes: 2025. j\u00falius 1-t\u0151l. KutyaNapk\u00f6zi eg\u00e9sz napra Id\u0151tartam: 8:00-17:00-ig vagy 4 \u00f3ra felett Napijegy: 5.000 Ft\/kutya B\u00e9rlet: 32.000- Ft\/ 10 alkalom (6\u00a0 h\u00f3napig \u00e9rv\u00e9nyes) KutyaNapk\u00f6zi f\u00e9l napra (4 \u00f3ra) Id\u0151tartam: 4 \u00f3ra (8:00-12:00 vagy 12:00-16:00) Napijegy: 4.000 Ft\/kutya B\u00e9rlet: 25.000 Ft\/10 alkalom (6\u00a0 h\u00f3napig \u00e9rv\u00e9nyes) Ebtaxi szolg\u00e1ltat\u00e1s Eger ter\u00fclet\u00e9n bel\u00fcl: 3.500 Ft\/alkalom<\/p>\n<p><a href=\"https:\/\/egrikutyanapkozi.hu\/?page_id=113\" class=\"more-link themebutton\">Read More<\/a><\/p>\n","protected":false},"author":1,"featured_media":0,"parent":0,"menu_order":0,"comment_status":"closed","ping_status":"closed","template":"","meta":{"footnotes":""},"class_list":["post-113","page","type-page","status-publish","hentry"],"_links":{"self":[{"href":"https:\/\/egrikutyanapkozi.hu\/index.php?rest_route=\/wp\/v2\/pages\/113","targetHints":{"allow":["GET"]}}],"collection":[{"href":"https:\/\/egrikutyanapkozi.hu\/index.php?rest_route=\/wp\/v2\/pages"}],"about":[{"href":"https:\/\/egrikutyanapkozi.hu\/index.php?rest_route=\/wp\/v2\/types\/page"}],"author":[{"embeddable":true,"href":"https:\/\/egrikutyanapkozi.hu\/index.php?rest_route=\/wp\/v2\/users\/1"}],"replies":[{"embeddable":true,"href":"https:\/\/egrikutyanapkozi.hu\/index.php?rest_route=%2Fwp%2Fv2%2Fcomments&post=113"}],"version-history":[{"count":28,"href":"https:\/\/egrikutyanapkozi.hu\/index.php?rest_route=\/wp\/v2\/pages\/113\/revisions"}],"predecessor-version":[{"id":331,"href":"https:\/\/egrikutyanapkozi.hu\/index.php?rest_route=\/wp\/v2\/pages\/113\/revisions\/331"}],"wp:attachment":[{"href":"https:\/\/egrikutyanapkozi.hu\/index.php?rest_route=%2Fwp%2Fv2%2Fmedia&parent=113"}],"curies":[{"name":"wp","href":"https:\/\/api.w.org\/{rel}","templated":true}]}}