{"id":106,"date":"2023-12-07T21:30:23","date_gmt":"2023-12-07T21:30:23","guid":{"rendered":"https:\/\/egrikutyanapkozi.hu\/?page_id=106"},"modified":"2023-12-07T21:33:24","modified_gmt":"2023-12-07T21:33:24","slug":"egyeni-kepzes","status":"publish","type":"page","link":"https:\/\/egrikutyanapkozi.hu\/?page_id=106","title":{"rendered":"Egy\u00e9ni k\u00e9pz\u00e9s"},"content":{"rendered":"\t\t<div data-elementor-type=\"wp-page\" data-elementor-id=\"106\" class=\"elementor elementor-106\">\n\t\t\t\t\t\t\t<div class=\"elementor-element elementor-element-f34a5ab e-flex e-con-boxed e-con e-parent\" data-id=\"f34a5ab\" data-element_type=\"container\" data-settings=\"{&quot;content_width&quot;:&quot;boxed&quot;}\" data-core-v316-plus=\"true\">\n\t\t\t\t\t<div class=\"e-con-inner\">\n\t\t\t\t<div class=\"elementor-element elementor-element-3d1b7ba elementor-widget elementor-widget-heading\" data-id=\"3d1b7ba\" data-element_type=\"widget\" data-widget_type=\"heading.default\">\n\t\t\t\t<div class=\"elementor-widget-container\">\n\t\t\t<style>\/*! elementor - v3.17.0 - 08-11-2023 *\/\n.elementor-heading-title{padding:0;margin:0;line-height:1}.elementor-widget-heading .elementor-heading-title[class*=elementor-size-]>a{color:inherit;font-size:inherit;line-height:inherit}.elementor-widget-heading .elementor-heading-title.elementor-size-small{font-size:15px}.elementor-widget-heading .elementor-heading-title.elementor-size-medium{font-size:19px}.elementor-widget-heading .elementor-heading-title.elementor-size-large{font-size:29px}.elementor-widget-heading .elementor-heading-title.elementor-size-xl{font-size:39px}.elementor-widget-heading .elementor-heading-title.elementor-size-xxl{font-size:59px}<\/style><h2 class=\"elementor-heading-title elementor-size-default\">KIKNEK JAVASOLJUK AZ EGY\u00c9NI OKTAT\u00c1ST?<\/h2>\t\t<\/div>\n\t\t\t\t<\/div>\n\t\t\t\t<div class=\"elementor-element elementor-element-636373d elementor-widget elementor-widget-heading\" data-id=\"636373d\" data-element_type=\"widget\" data-widget_type=\"heading.default\">\n\t\t\t\t<div class=\"elementor-widget-container\">\n\t\t\t<h2 class=\"elementor-heading-title elementor-size-default\">KIKNEK JAVASOLJUK AZ EGY\u00c9NI OKTAT\u00c1ST?<\/h2>\t\t<\/div>\n\t\t\t\t<\/div>\n\t\t\t\t<div class=\"elementor-element elementor-element-37c5172 elementor-widget elementor-widget-text-editor\" data-id=\"37c5172\" data-element_type=\"widget\" data-widget_type=\"text-editor.default\">\n\t\t\t\t<div class=\"elementor-widget-container\">\n\t\t\t<style>\/*! elementor - v3.17.0 - 08-11-2023 *\/\n.elementor-widget-text-editor.elementor-drop-cap-view-stacked .elementor-drop-cap{background-color:#69727d;color:#fff}.elementor-widget-text-editor.elementor-drop-cap-view-framed .elementor-drop-cap{color:#69727d;border:3px solid;background-color:transparent}.elementor-widget-text-editor:not(.elementor-drop-cap-view-default) .elementor-drop-cap{margin-top:8px}.elementor-widget-text-editor:not(.elementor-drop-cap-view-default) .elementor-drop-cap-letter{width:1em;height:1em}.elementor-widget-text-editor .elementor-drop-cap{float:left;text-align:center;line-height:1;font-size:50px}.elementor-widget-text-editor .elementor-drop-cap-letter{display:inline-block}<\/style>\t\t\t\t<h4>\u00bb Akik szeretn\u00e9nek csoportba j\u00e1rni, de m\u00e9g nem \u00e9rzi j\u00f3l mag\u00e1t a Kutya a csoportban (t\u00falzott f\u00e9lelem, agresszi\u00f3)<br \/><span style=\"font-family: 'Open Sans', Helvetica, Arial; font-size: 16px; font-style: normal;\">\u00bb<\/span><span style=\"font-family: 'Open Sans', Helvetica, Arial; font-size: 16px; font-style: normal;\">\u00a0<\/span>Akik id\u0151beoszt\u00e1suk miatt nem tudnak elmenni a tanfolyamokra<br \/>\u00bb Akik szeretn\u00e9k egy\u00e9ni helysz\u00ednen vagy h\u00e1zn\u00e1l tan\u00edtani a kuty\u00e1jukat<br \/>\u00bb Akiknek olyan egy\u00e9ni c\u00e9lkit\u0171z\u00e9sei vannak, amelyeket a csoportos k\u00e9pz\u00e9s nem szolg\u00e1l ki<\/h4><h4>Napjainkban el\u0151fordulhat, hogy id\u0151beoszt\u00e1sa miatt egy Gazd\u00e1nak nincs lehet\u0151s\u00e9ge tanfolyamon r\u00e9szt venni, vagy a k\u00f6r\u00fclm\u00e9nyeik v\u00e1ltoz\u00e1sa miatt (pl. k\u00f6lt\u00f6z\u00e9s, kisbaba sz\u00fclet\u00e9se) van sz\u00fcks\u00e9ge seg\u00edts\u00e9gre. M\u00e1sik tradicion\u00e1lis, sok Kutya tulajdonost \u00e9rint\u0151 probl\u00e9ma, hogy a Gazda nem tudja v\u00e1llalni Kuty\u00e1j\u00e1val a csoportos kik\u00e9pz\u00e9sen val\u00f3 r\u00e9szv\u00e9telt, mert Kuty\u00e1ja agressz\u00edv, csahol\u00f3s, koncentr\u00e1ci\u00f3s zavarokkal k\u00fczd, vagy eg\u00e9sz egyszer\u0171en nem tudja a Gazda hogyan fog viselkedni Kuty\u00e1ja \u00e9s ezt megel\u0151zend\u0151 egy\u00e9ni oktat\u00e1st k\u00e9r az iskol\u00e1n, vagy saj\u00e1t otthon\u00e1ban. Nekik aj\u00e1nljuk ezt a fajta k\u00e9pz\u00e9st.<br \/>A tananyag hasonl\u00f3 a csoportos T\u00fck\u00f6r M\u00f3dszer alapfok\u00fa, \u00e9s k\u00f6z\u00e9pfok\u00fa tanfolyam anyag\u00e1hoz, a feladatok tan\u00edt\u00e1sa\/gyakorl\u00e1sa mellett elm\u00e9leti h\u00e1tt\u00e9rrel is seg\u00edtj\u00fck a gazd\u00e1kat.<\/h4>\t\t\t\t\t\t<\/div>\n\t\t\t\t<\/div>\n\t\t\t\t<div class=\"elementor-element elementor-element-f5ca842 elementor-widget elementor-widget-heading\" data-id=\"f5ca842\" data-element_type=\"widget\" data-widget_type=\"heading.default\">\n\t\t\t\t<div class=\"elementor-widget-container\">\n\t\t\t<h2 class=\"elementor-heading-title elementor-size-default\">Egy\u00e9ni d\u00edjaz\u00e1sr\u00f3l tov\u00e1bbi inform\u00e1ci\u00f3k:<\/h2>\t\t<\/div>\n\t\t\t\t<\/div>\n\t\t\t\t<div class=\"elementor-element elementor-element-0326ee5 elementor-widget elementor-widget-text-editor\" data-id=\"0326ee5\" data-element_type=\"widget\" data-widget_type=\"text-editor.default\">\n\t\t\t\t<div class=\"elementor-widget-container\">\n\t\t\t\t\t\t\t<h3><strong>Buda Roland<\/strong><\/h3><h3><strong>+06 30 613 8162<\/strong><\/h3>\t\t\t\t\t\t<\/div>\n\t\t\t\t<\/div>\n\t\t\t\t\t<\/div>\n\t\t\t\t<\/div>\n\t\t\t\t\t\t\t<\/div>\n\t\t","protected":false},"excerpt":{"rendered":"<p>KIKNEK JAVASOLJUK AZ EGY\u00c9NI OKTAT\u00c1ST? KIKNEK JAVASOLJUK AZ EGY\u00c9NI OKTAT\u00c1ST? \u00bb Akik szeretn\u00e9nek csoportba j\u00e1rni, de m\u00e9g nem \u00e9rzi j\u00f3l mag\u00e1t a Kutya a csoportban (t\u00falzott f\u00e9lelem, agresszi\u00f3)\u00bb\u00a0Akik id\u0151beoszt\u00e1suk miatt nem tudnak elmenni a tanfolyamokra\u00bb Akik szeretn\u00e9k egy\u00e9ni helysz\u00ednen vagy h\u00e1zn\u00e1l tan\u00edtani a kuty\u00e1jukat\u00bb Akiknek olyan egy\u00e9ni c\u00e9lkit\u0171z\u00e9sei vannak, amelyeket a csoportos k\u00e9pz\u00e9s nem szolg\u00e1l<\/p>\n<p><a href=\"https:\/\/egrikutyanapkozi.hu\/?page_id=106\" class=\"more-link themebutton\">Read More<\/a><\/p>\n","protected":false},"author":1,"featured_media":0,"parent":0,"menu_order":0,"comment_status":"closed","ping_status":"closed","template":"","meta":{"footnotes":""},"class_list":["post-106","page","type-page","status-publish","hentry"],"_links":{"self":[{"href":"https:\/\/egrikutyanapkozi.hu\/index.php?rest_route=\/wp\/v2\/pages\/106","targetHints":{"allow":["GET"]}}],"collection":[{"href":"https:\/\/egrikutyanapkozi.hu\/index.php?rest_route=\/wp\/v2\/pages"}],"about":[{"href":"https:\/\/egrikutyanapkozi.hu\/index.php?rest_route=\/wp\/v2\/types\/page"}],"author":[{"embeddable":true,"href":"https:\/\/egrikutyanapkozi.hu\/index.php?rest_route=\/wp\/v2\/users\/1"}],"replies":[{"embeddable":true,"href":"https:\/\/egrikutyanapkozi.hu\/index.php?rest_route=%2Fwp%2Fv2%2Fcomments&post=106"}],"version-history":[{"count":4,"href":"https:\/\/egrikutyanapkozi.hu\/index.php?rest_route=\/wp\/v2\/pages\/106\/revisions"}],"predecessor-version":[{"id":110,"href":"https:\/\/egrikutyanapkozi.hu\/index.php?rest_route=\/wp\/v2\/pages\/106\/revisions\/110"}],"wp:attachment":[{"href":"https:\/\/egrikutyanapkozi.hu\/index.php?rest_route=%2Fwp%2Fv2%2Fmedia&parent=106"}],"curies":[{"name":"wp","href":"https:\/\/api.w.org\/{rel}","templated":true}]}}